{"id":9,"date":"2025-05-13T09:51:20","date_gmt":"2025-05-13T09:51:20","guid":{"rendered":"https:\/\/samirlocationvip.com\/index.php\/pages\/"},"modified":"2025-06-12T09:26:33","modified_gmt":"2025-06-12T09:26:33","slug":"pages","status":"publish","type":"page","link":"https:\/\/samirlocationvip.com\/index.php\/pages\/","title":{"rendered":"Service de D\u00e9l\u00e9gation \u2013 Transport VIP pour missions diplomatiques et repr\u00e9sentations officielles"},"content":{"rendered":"<p data-start=\"260\" data-end=\"472\">Chez <strong data-start=\"265\" data-end=\"290\">\u00a0SAMIR LOCATION VIP <\/strong>, nous proposons un service de <strong data-start=\"321\" data-end=\"404\">transport d\u00e9di\u00e9 aux d\u00e9l\u00e9gations officielles, diplomatiques ou institutionnelles<\/strong>, avec un haut niveau de confidentialit\u00e9, de rigueur et de standing.<\/p>\n<p data-start=\"474\" data-end=\"848\">Ce service est con\u00e7u pour r\u00e9pondre aux exigences protocolaires et logistiques des <strong data-start=\"556\" data-end=\"627\">ambassades, minist\u00e8res, chefs d&rsquo;\u00c9tat, repr\u00e9sentants gouvernementaux<\/strong>, ainsi que des <strong data-start=\"643\" data-end=\"676\">organisations internationales<\/strong>. Nos chauffeurs exp\u00e9riment\u00e9s assurent des d\u00e9placements fluides, discrets et parfaitement coordonn\u00e9s, en respectant les normes de s\u00e9curit\u00e9 et d\u2019\u00e9tiquette les plus strictes.<\/p>\n<hr data-start=\"850\" data-end=\"853\" \/>\n<h3 data-start=\"855\" data-end=\"884\"><strong data-start=\"859\" data-end=\"884\">Ce que nous offrons :<\/strong><\/h3>\n<p data-start=\"886\" data-end=\"1565\">\ud83d\ude98 <strong data-start=\"889\" data-end=\"913\">Flotte haut de gamme<\/strong> : v\u00e9hicules officiels, berlines blind\u00e9es ou non, vans de luxe pour les d\u00e9l\u00e9gations, tous climatis\u00e9s, spacieux et connect\u00e9s.<br data-start=\"1037\" data-end=\"1040\" \/>\ud83d\udc54 <strong data-start=\"1043\" data-end=\"1077\">Chauffeurs form\u00e9s au protocole<\/strong> : ponctuels, discrets, multilingues, avec une parfaite connaissance des circuits officiels et du comportement attendu en contexte diplomatique.<br data-start=\"1221\" data-end=\"1224\" \/>\ud83d\udccb <strong data-start=\"1227\" data-end=\"1254\">Coordination logistique<\/strong> : gestion des itin\u00e9raires, horaires, acc\u00e8s aux zones r\u00e9glement\u00e9es, et communication continue avec les \u00e9quipes de s\u00e9curit\u00e9 ou les assistants personnels.<br data-start=\"1406\" data-end=\"1409\" \/>\ud83d\udd70\ufe0f <strong data-start=\"1413\" data-end=\"1435\">Disponibilit\u00e9 24\/7<\/strong> : nous restons joignables \u00e0 tout moment pour adapter nos services aux modifications d\u2019agenda ou aux exigences de derni\u00e8re minute.<\/p>\n<hr data-start=\"1567\" data-end=\"1570\" \/>\n<h3 data-start=\"1572\" data-end=\"1629\"><strong data-start=\"1576\" data-end=\"1629\">Pourquoi faire appel \u00e0 notre service D\u00e9l\u00e9gation ?<\/strong><\/h3>\n<ul data-start=\"1631\" data-end=\"1927\">\n<li data-start=\"1631\" data-end=\"1710\">\n<p data-start=\"1633\" data-end=\"1710\">Conformit\u00e9 avec les standards internationaux et les attentes protocolaires.<\/p>\n<\/li>\n<li data-start=\"1711\" data-end=\"1784\">\n<p data-start=\"1713\" data-end=\"1784\">Personnel qualifi\u00e9, discret et habitu\u00e9 aux \u00e9v\u00e9nements de haut niveau.<\/p>\n<\/li>\n<li data-start=\"1785\" data-end=\"1862\">\n<p data-start=\"1787\" data-end=\"1862\">Gestion compl\u00e8te du transport, de l\u2019arriv\u00e9e \u00e0 la coordination du cort\u00e8ge.<\/p>\n<\/li>\n<li data-start=\"1863\" data-end=\"1927\">\n<p data-start=\"1865\" data-end=\"1927\">Image irr\u00e9prochable aupr\u00e8s des invit\u00e9s, partenaires ou m\u00e9dias.<\/p>\n<\/li>\n<\/ul>\n<hr data-start=\"1929\" data-end=\"1932\" \/>\n<p data-start=\"1934\" data-end=\"2073\">Faites confiance \u00e0 <strong data-start=\"1953\" data-end=\"1978\">SAMIR LOCATION VIP<\/strong>\u00a0pour faire de chaque mission officielle un d\u00e9placement fluide, digne et parfaitement ma\u00eetris\u00e9.<\/p>\n","protected":false},"excerpt":{"rendered":"<p>Chez \u00a0SAMIR LOCATION VIP , nous proposons un service de transport d\u00e9di\u00e9 aux d\u00e9l\u00e9gations officielles, diplomatiques ou institutionnelles, avec un haut niveau de confidentialit\u00e9, de rigueur et de standing. Ce service est con\u00e7u pour r\u00e9pondre aux exigences protocolaires et logistiques des ambassades, minist\u00e8res, chefs d&rsquo;\u00c9tat, repr\u00e9sentants gouvernementaux, ainsi que des organisations internationales. Nos chauffeurs exp\u00e9riment\u00e9s [&hellip;]<\/p>\n","protected":false},"author":1,"featured_media":0,"parent":0,"menu_order":0,"comment_status":"closed","ping_status":"closed","template":"","meta":{"footnotes":""},"class_list":["post-9","page","type-page","status-publish","hentry"],"_links":{"self":[{"href":"https:\/\/samirlocationvip.com\/index.php\/wp-json\/wp\/v2\/pages\/9","targetHints":{"allow":["GET"]}}],"collection":[{"href":"https:\/\/samirlocationvip.com\/index.php\/wp-json\/wp\/v2\/pages"}],"about":[{"href":"https:\/\/samirlocationvip.com\/index.php\/wp-json\/wp\/v2\/types\/page"}],"author":[{"embeddable":true,"href":"https:\/\/samirlocationvip.com\/index.php\/wp-json\/wp\/v2\/users\/1"}],"replies":[{"embeddable":true,"href":"https:\/\/samirlocationvip.com\/index.php\/wp-json\/wp\/v2\/comments?post=9"}],"version-history":[{"count":1,"href":"https:\/\/samirlocationvip.com\/index.php\/wp-json\/wp\/v2\/pages\/9\/revisions"}],"predecessor-version":[{"id":112,"href":"https:\/\/samirlocationvip.com\/index.php\/wp-json\/wp\/v2\/pages\/9\/revisions\/112"}],"wp:attachment":[{"href":"https:\/\/samirlocationvip.com\/index.php\/wp-json\/wp\/v2\/media?parent=9"}],"curies":[{"name":"wp","href":"https:\/\/api.w.org\/{rel}","templated":true}]}}