{"id":17,"date":"2025-05-13T09:51:21","date_gmt":"2025-05-13T09:51:21","guid":{"rendered":"https:\/\/samirlocationvip.com\/index.php\/lorem-ipsum-dolor-sit-amet-consectetur-adipiscing-3\/"},"modified":"2025-06-11T09:48:12","modified_gmt":"2025-06-11T09:48:12","slug":"lorem-ipsum-dolor-sit-amet-consectetur-adipiscing-3","status":"publish","type":"page","link":"https:\/\/samirlocationvip.com\/index.php\/lorem-ipsum-dolor-sit-amet-consectetur-adipiscing-3\/","title":{"rendered":"TARIFS COMP\u00c9TITIFS Chez SAMIR LOCATION VIP"},"content":{"rendered":"\n<p><\/p>\n\n\n<div dir=\"auto\">TARIFS COMP\u00c9TITIFS<\/div>\n<div dir=\"auto\">\u00a0<\/div>\n<div dir=\"auto\">Chez SAMIR LOCATION VIP, nous vous offrons des tarifs comp\u00e9titifs pour vous permettre de louer le v\u00e9hicule de vos r\u00eaves sans vous ruiner.<\/div>\n<div dir=\"auto\">\u00a0<\/div>\n<div dir=\"auto\">\u00a0<\/div>\n<div dir=\"auto\">\u00a0<\/div>","protected":false},"excerpt":{"rendered":"<p>TARIFS COMP\u00c9TITIFS \u00a0 Chez SAMIR LOCATION VIP, nous vous offrons des tarifs comp\u00e9titifs pour vous permettre de louer le v\u00e9hicule de vos r\u00eaves sans vous ruiner. \u00a0 \u00a0 \u00a0<\/p>\n","protected":false},"author":1,"featured_media":18,"parent":0,"menu_order":0,"comment_status":"closed","ping_status":"closed","template":"","meta":{"footnotes":""},"class_list":["post-17","page","type-page","status-publish","has-post-thumbnail","hentry"],"_links":{"self":[{"href":"https:\/\/samirlocationvip.com\/index.php\/wp-json\/wp\/v2\/pages\/17","targetHints":{"allow":["GET"]}}],"collection":[{"href":"https:\/\/samirlocationvip.com\/index.php\/wp-json\/wp\/v2\/pages"}],"about":[{"href":"https:\/\/samirlocationvip.com\/index.php\/wp-json\/wp\/v2\/types\/page"}],"author":[{"embeddable":true,"href":"https:\/\/samirlocationvip.com\/index.php\/wp-json\/wp\/v2\/users\/1"}],"replies":[{"embeddable":true,"href":"https:\/\/samirlocationvip.com\/index.php\/wp-json\/wp\/v2\/comments?post=17"}],"version-history":[{"count":1,"href":"https:\/\/samirlocationvip.com\/index.php\/wp-json\/wp\/v2\/pages\/17\/revisions"}],"predecessor-version":[{"id":90,"href":"https:\/\/samirlocationvip.com\/index.php\/wp-json\/wp\/v2\/pages\/17\/revisions\/90"}],"wp:featuredmedia":[{"embeddable":true,"href":"https:\/\/samirlocationvip.com\/index.php\/wp-json\/wp\/v2\/media\/18"}],"wp:attachment":[{"href":"https:\/\/samirlocationvip.com\/index.php\/wp-json\/wp\/v2\/media?parent=17"}],"curies":[{"name":"wp","href":"https:\/\/api.w.org\/{rel}","templated":true}]}}