{"id":15,"date":"2025-05-13T09:51:21","date_gmt":"2025-05-13T09:51:21","guid":{"rendered":"https:\/\/samirlocationvip.com\/index.php\/lorem-ipsum-dolor-sit-amet-consectetur-adipiscing-2\/"},"modified":"2025-06-11T09:45:39","modified_gmt":"2025-06-11T09:45:39","slug":"lorem-ipsum-dolor-sit-amet-consectetur-adipiscing-2","status":"publish","type":"page","link":"https:\/\/samirlocationvip.com\/index.php\/lorem-ipsum-dolor-sit-amet-consectetur-adipiscing-2\/","title":{"rendered":"Une flotte de V\u00e9hicules Haut de Gamme"},"content":{"rendered":"\n<p>V\u00c9HICULES DE HAUTE QUALIT\u00c9<\/p>\n\n\n\n<p>.<\/p>\n\n\n<p>SAMIR LOCATION VIP vous propose une flotte de v\u00e9hicules haut de gamme pour r\u00e9pondre \u00e0 tous vos besoins de location.<\/p>","protected":false},"excerpt":{"rendered":"<p>V\u00c9HICULES DE HAUTE QUALIT\u00c9 . SAMIR LOCATION VIP vous propose une flotte de v\u00e9hicules haut de gamme pour r\u00e9pondre \u00e0 tous vos besoins de location.<\/p>\n","protected":false},"author":1,"featured_media":16,"parent":0,"menu_order":0,"comment_status":"closed","ping_status":"closed","template":"","meta":{"footnotes":""},"class_list":["post-15","page","type-page","status-publish","has-post-thumbnail","hentry"],"_links":{"self":[{"href":"https:\/\/samirlocationvip.com\/index.php\/wp-json\/wp\/v2\/pages\/15","targetHints":{"allow":["GET"]}}],"collection":[{"href":"https:\/\/samirlocationvip.com\/index.php\/wp-json\/wp\/v2\/pages"}],"about":[{"href":"https:\/\/samirlocationvip.com\/index.php\/wp-json\/wp\/v2\/types\/page"}],"author":[{"embeddable":true,"href":"https:\/\/samirlocationvip.com\/index.php\/wp-json\/wp\/v2\/users\/1"}],"replies":[{"embeddable":true,"href":"https:\/\/samirlocationvip.com\/index.php\/wp-json\/wp\/v2\/comments?post=15"}],"version-history":[{"count":3,"href":"https:\/\/samirlocationvip.com\/index.php\/wp-json\/wp\/v2\/pages\/15\/revisions"}],"predecessor-version":[{"id":89,"href":"https:\/\/samirlocationvip.com\/index.php\/wp-json\/wp\/v2\/pages\/15\/revisions\/89"}],"wp:featuredmedia":[{"embeddable":true,"href":"https:\/\/samirlocationvip.com\/index.php\/wp-json\/wp\/v2\/media\/16"}],"wp:attachment":[{"href":"https:\/\/samirlocationvip.com\/index.php\/wp-json\/wp\/v2\/media?parent=15"}],"curies":[{"name":"wp","href":"https:\/\/api.w.org\/{rel}","templated":true}]}}