{"id":11,"date":"2025-05-13T09:51:20","date_gmt":"2025-05-13T09:51:20","guid":{"rendered":"https:\/\/samirlocationvip.com\/index.php\/about-us\/"},"modified":"2025-06-12T09:15:53","modified_gmt":"2025-06-12T09:15:53","slug":"about-us","status":"publish","type":"page","link":"https:\/\/samirlocationvip.com\/index.php\/about-us\/","title":{"rendered":"\u00c0 propos de SAMIR LOCATION VIP :"},"content":{"rendered":"<h3 data-start=\"166\" data-end=\"206\"><strong data-start=\"170\" data-end=\"206\">L\u2019art du transport haut de gamme<\/strong><\/h3>\n<p data-start=\"208\" data-end=\"496\">Fond\u00e9e avec la volont\u00e9 de red\u00e9finir les standards du transport priv\u00e9, SAMIR LOCATION VIP est sp\u00e9cialis\u00e9e dans la <strong data-start=\"328\" data-end=\"376\">location de v\u00e9hicules de luxe avec chauffeur<\/strong>. Notre mission : offrir \u00e0 chaque client une <strong data-start=\"421\" data-end=\"495\">exp\u00e9rience de d\u00e9placement fluide, \u00e9l\u00e9gante et totalement personnalis\u00e9e<\/strong>.<\/p>\n<p data-start=\"498\" data-end=\"830\">Nous intervenons dans les domaines du <strong data-start=\"536\" data-end=\"560\">transport d&rsquo;affaires<\/strong>, des <strong data-start=\"566\" data-end=\"587\">\u00e9v\u00e9nements priv\u00e9s<\/strong> (mariages, soir\u00e9es, c\u00e9r\u00e9monies), des <strong data-start=\"625\" data-end=\"658\">transferts a\u00e9roports et gares<\/strong>, et des <strong data-start=\"667\" data-end=\"704\">circuits touristiques de prestige<\/strong>. Quelle que soit la nature du trajet, notre priorit\u00e9 reste la m\u00eame : <strong data-start=\"774\" data-end=\"830\">votre confort, votre s\u00e9curit\u00e9 et votre satisfaction.<\/strong><\/p>\n<hr data-start=\"832\" data-end=\"835\" \/>\n<h3 data-start=\"837\" data-end=\"856\"><strong data-start=\"841\" data-end=\"856\">Nos valeurs<\/strong><\/h3>\n<ul data-start=\"858\" data-end=\"1265\">\n<li data-start=\"858\" data-end=\"966\">\n<p data-start=\"860\" data-end=\"966\"><strong data-start=\"860\" data-end=\"874\">Excellence<\/strong> : Des v\u00e9hicules haut de gamme, un service irr\u00e9prochable, une attention au moindre d\u00e9tail.<\/p>\n<\/li>\n<li data-start=\"967\" data-end=\"1081\">\n<p data-start=\"969\" data-end=\"1081\"><strong data-start=\"969\" data-end=\"983\">Discr\u00e9tion<\/strong> : Nous respectons la vie priv\u00e9e de chaque client, qu\u2019il soit particulier, VIP ou professionnel.<\/p>\n<\/li>\n<li data-start=\"1082\" data-end=\"1181\">\n<p data-start=\"1084\" data-end=\"1181\"><strong data-start=\"1084\" data-end=\"1099\">Ponctualit\u00e9<\/strong> : Chaque minute compte. Nos chauffeurs sont toujours \u00e0 l\u2019heure, sans exception.<\/p>\n<\/li>\n<li data-start=\"1182\" data-end=\"1265\">\n<p data-start=\"1184\" data-end=\"1265\"><strong data-start=\"1184\" data-end=\"1206\">Service sur-mesure<\/strong> : Chaque trajet est unique, chaque client est prioritaire.<\/p>\n<\/li>\n<\/ul>\n<hr data-start=\"1267\" data-end=\"1270\" \/>\n<h3 data-start=\"1272\" data-end=\"1292\"><strong data-start=\"1276\" data-end=\"1292\">Notre \u00e9quipe<\/strong><\/h3>\n<p data-start=\"1294\" data-end=\"1555\">Nos chauffeurs professionnels sont soigneusement s\u00e9lectionn\u00e9s pour leur <strong data-start=\"1366\" data-end=\"1428\">exp\u00e9rience, \u00e9l\u00e9gance, savoir-\u00eatre et ma\u00eetrise linguistique<\/strong>. Ils sont \u00e0 votre \u00e9coute et form\u00e9s pour r\u00e9pondre \u00e0 toutes vos attentes dans un esprit de <strong data-start=\"1518\" data-end=\"1554\">courtoisie et de confidentialit\u00e9<\/strong>.<\/p>\n<hr data-start=\"1557\" data-end=\"1560\" \/>\n<h3 data-start=\"1562\" data-end=\"1604\"><strong data-start=\"1566\" data-end=\"1604\">Votre satisfaction, notre priorit\u00e9<\/strong><\/h3>\n<p data-start=\"1606\" data-end=\"1894\">Nous croyons qu\u2019un transport de qualit\u00e9 ne se limite pas au v\u00e9hicule. C\u2019est un <strong data-start=\"1685\" data-end=\"1746\">ensemble d&rsquo;attentions, de rigueur et de professionnalisme<\/strong>. C\u2019est pourquoi nous investissons continuellement dans la qualit\u00e9 de nos prestations, la formation de notre \u00e9quipe et l\u2019innovation de nos services.<\/p>\n","protected":false},"excerpt":{"rendered":"<p>L\u2019art du transport haut de gamme Fond\u00e9e avec la volont\u00e9 de red\u00e9finir les standards du transport priv\u00e9, SAMIR LOCATION VIP est sp\u00e9cialis\u00e9e dans la location de v\u00e9hicules de luxe avec chauffeur. Notre mission : offrir \u00e0 chaque client une exp\u00e9rience de d\u00e9placement fluide, \u00e9l\u00e9gante et totalement personnalis\u00e9e. Nous intervenons dans les domaines du transport d&rsquo;affaires, [&hellip;]<\/p>\n","protected":false},"author":1,"featured_media":0,"parent":0,"menu_order":0,"comment_status":"closed","ping_status":"closed","template":"","meta":{"footnotes":""},"class_list":["post-11","page","type-page","status-publish","hentry"],"_links":{"self":[{"href":"https:\/\/samirlocationvip.com\/index.php\/wp-json\/wp\/v2\/pages\/11","targetHints":{"allow":["GET"]}}],"collection":[{"href":"https:\/\/samirlocationvip.com\/index.php\/wp-json\/wp\/v2\/pages"}],"about":[{"href":"https:\/\/samirlocationvip.com\/index.php\/wp-json\/wp\/v2\/types\/page"}],"author":[{"embeddable":true,"href":"https:\/\/samirlocationvip.com\/index.php\/wp-json\/wp\/v2\/users\/1"}],"replies":[{"embeddable":true,"href":"https:\/\/samirlocationvip.com\/index.php\/wp-json\/wp\/v2\/comments?post=11"}],"version-history":[{"count":2,"href":"https:\/\/samirlocationvip.com\/index.php\/wp-json\/wp\/v2\/pages\/11\/revisions"}],"predecessor-version":[{"id":109,"href":"https:\/\/samirlocationvip.com\/index.php\/wp-json\/wp\/v2\/pages\/11\/revisions\/109"}],"wp:attachment":[{"href":"https:\/\/samirlocationvip.com\/index.php\/wp-json\/wp\/v2\/media?parent=11"}],"curies":[{"name":"wp","href":"https:\/\/api.w.org\/{rel}","templated":true}]}}